{"id":2810,"date":"2024-09-27T18:58:52","date_gmt":"2024-09-28T00:58:52","guid":{"rendered":"https:\/\/tejiendoredesinfancia.org\/?page_id=2810"},"modified":"2024-09-27T20:19:01","modified_gmt":"2024-09-28T02:19:01","slug":"quienes-somos","status":"publish","type":"page","link":"https:\/\/tejiendoredesinfancia.org\/en_us\/quienes-somos\/","title":{"rendered":"ABOUT US"},"content":{"rendered":"<div data-elementor-type=\"wp-page\" data-elementor-id=\"2810\" class=\"elementor elementor-2810\" data-elementor-post-type=\"page\">\n\t\t\t\t<div class=\"elementor-element elementor-element-8662c2e e-flex e-con-boxed e-con e-parent\" data-id=\"8662c2e\" data-element_type=\"container\" data-e-type=\"container\">\n\t\t\t\t\t<div class=\"e-con-inner\">\n\t\t<div class=\"elementor-element elementor-element-ad0e5a4 e-con-full e-flex e-con e-child\" data-id=\"ad0e5a4\" data-element_type=\"container\" data-e-type=\"container\">\n\t\t\t\t<div class=\"elementor-element elementor-element-97c27d7 elementor-widget elementor-widget-image\" data-id=\"97c27d7\" data-element_type=\"widget\" data-e-type=\"widget\" data-settings=\"{&quot;ekit_we_effect_on&quot;:&quot;none&quot;}\" data-widget_type=\"image.default\">\n\t\t\t\t<div class=\"elementor-widget-container\">\n\t\t\t\t\t\t\t\t\t\t\t\t\t\t\t<img fetchpriority=\"high\" decoding=\"async\" width=\"1024\" height=\"1024\" src=\"https:\/\/tejiendoredesinfancia.org\/wp-content\/uploads\/2022\/08\/tejiendoredesinfancia.svg\" class=\"attachment-large size-large wp-image-1856\" alt=\"Tejiendo Redes Infancia\" srcset=\"https:\/\/tejiendoredesinfancia.org\/wp-content\/uploads\/\/2022\/08\/tejiendoredesinfancia.svg 150w, https:\/\/tejiendoredesinfancia.org\/wp-content\/uploads\/\/2022\/08\/tejiendoredesinfancia.svg 300w, https:\/\/tejiendoredesinfancia.org\/wp-content\/uploads\/\/2022\/08\/tejiendoredesinfancia.svg 1024w\" sizes=\"(max-width:767px) 480px, (max-width:1024px) 100vw, 1024px\" \/>\t\t\t\t\t\t\t\t\t\t\t\t\t\t\t<\/div>\n\t\t\t\t<\/div>\n\t\t\t\t<div class=\"elementor-element elementor-element-f7e33d9 elementor-widget elementor-widget-heading\" data-id=\"f7e33d9\" data-element_type=\"widget\" data-e-type=\"widget\" data-settings=\"{&quot;ekit_we_effect_on&quot;:&quot;none&quot;}\" data-widget_type=\"heading.default\">\n\t\t\t\t<div class=\"elementor-widget-container\">\n\t\t\t\t\t<h2 class=\"elementor-heading-title elementor-size-default\">WHO IS IT <mark class=\"rojo\">ARE<mark><\/h2>\t\t\t\t<\/div>\n\t\t\t\t<\/div>\n\t\t\t\t<div class=\"elementor-element elementor-element-c74cd34 elementor-widget__width-initial elementor-widget elementor-widget-text-editor\" data-id=\"c74cd34\" data-element_type=\"widget\" data-e-type=\"widget\" data-settings=\"{&quot;ekit_we_effect_on&quot;:&quot;none&quot;}\" data-widget_type=\"text-editor.default\">\n\t\t\t\t<div class=\"elementor-widget-container\">\n\t\t\t\t\t\t\t\t\t<div class=\"et_pb_row et_pb_row_1\">\n<div class=\"et_pb_column et_pb_column_4_4 et_pb_column_1 et_pb_css_mix_blend_mode_passthrough et-last-child\">\n<div class=\"et_pb_module et_pb_text et_pb_text_1 et_pb_text_align_center et_pb_bg_layout_light\">\n<div class=\"et_pb_text_inner\">\n<p>In 2016, we started the project Weaving Childhood Networks in Latin America and the Caribbean that seeks to contribute to the strengthening and consolidation of a platform for the defense and promotion of the rights of children and adolescents in the region. This project is co-financed by the European Union, Swedish Association for International Development (Sida) and Save the Children.<\/p>\n<\/div>\n<\/div>\n<\/div>\n<\/div>\t\t\t\t\t\t\t\t<\/div>\n\t\t\t\t<\/div>\n\t\t\t\t<\/div>\n\t\t<div class=\"elementor-element elementor-element-bad0f23 e-con-full e-flex e-con e-child\" data-id=\"bad0f23\" data-element_type=\"container\" data-e-type=\"container\">\n\t\t\t\t<div class=\"elementor-element elementor-element-7ac1ee1 elementor-widget elementor-widget-image\" data-id=\"7ac1ee1\" data-element_type=\"widget\" data-e-type=\"widget\" data-settings=\"{&quot;ekit_we_effect_on&quot;:&quot;none&quot;}\" data-widget_type=\"image.default\">\n\t\t\t\t<div class=\"elementor-widget-container\">\n\t\t\t\t\t\t\t\t\t\t\t\t\t\t\t<img decoding=\"async\" width=\"1707\" height=\"651\" src=\"https:\/\/tejiendoredesinfancia.org\/wp-content\/uploads\/2021\/08\/quienes-somos-1.png\" class=\"attachment-full size-full wp-image-1198\" alt=\"\" srcset=\"https:\/\/tejiendoredesinfancia.org\/wp-content\/uploads\/2021\/08\/quienes-somos-1.png 1707w, https:\/\/tejiendoredesinfancia.org\/wp-content\/uploads\/2021\/08\/quienes-somos-1-300x114.png 300w, https:\/\/tejiendoredesinfancia.org\/wp-content\/uploads\/2021\/08\/quienes-somos-1-1024x391.png 1024w, https:\/\/tejiendoredesinfancia.org\/wp-content\/uploads\/2021\/08\/quienes-somos-1-768x293.png 768w, https:\/\/tejiendoredesinfancia.org\/wp-content\/uploads\/2021\/08\/quienes-somos-1-1536x586.png 1536w, https:\/\/tejiendoredesinfancia.org\/wp-content\/uploads\/2021\/08\/quienes-somos-1-16x6.png 16w, https:\/\/tejiendoredesinfancia.org\/wp-content\/uploads\/2021\/08\/quienes-somos-1-1080x412.png 1080w, https:\/\/tejiendoredesinfancia.org\/wp-content\/uploads\/2021\/08\/quienes-somos-1-1280x488.png 1280w, https:\/\/tejiendoredesinfancia.org\/wp-content\/uploads\/2021\/08\/quienes-somos-1-980x374.png 980w, https:\/\/tejiendoredesinfancia.org\/wp-content\/uploads\/2021\/08\/quienes-somos-1-480x183.png 480w\" sizes=\"(max-width:767px) 480px, (max-width:1707px) 100vw, 1707px\" \/>\t\t\t\t\t\t\t\t\t\t\t\t\t\t\t<\/div>\n\t\t\t\t<\/div>\n\t\t\t\t<div class=\"elementor-element elementor-element-fb14b76 elementor-widget__width-initial elementor-widget elementor-widget-heading\" data-id=\"fb14b76\" data-element_type=\"widget\" data-e-type=\"widget\" data-settings=\"{&quot;ekit_we_effect_on&quot;:&quot;none&quot;}\" data-widget_type=\"heading.default\">\n\t\t\t\t<div class=\"elementor-widget-container\">\n\t\t\t\t\t<h2 class=\"elementor-heading-title elementor-size-default\">OBJECTIVE <mark class=\"azul\">GENERAL<mark><\/h2>\t\t\t\t<\/div>\n\t\t\t\t<\/div>\n\t\t\t\t<div class=\"elementor-element elementor-element-494684d elementor-widget__width-initial elementor-widget elementor-widget-text-editor\" data-id=\"494684d\" data-element_type=\"widget\" data-e-type=\"widget\" data-settings=\"{&quot;ekit_we_effect_on&quot;:&quot;none&quot;}\" data-widget_type=\"text-editor.default\">\n\t\t\t\t<div class=\"elementor-widget-container\">\n\t\t\t\t\t\t\t\t\t<p>Contribute to the generation of significant changes in public and budgetary policies and the regulatory framework, as well as in social and cultural structures, through the organizational strengthening and capacity building of the colitions that participate in the project Weaving Child Networks, the expansion of the participation of girls, boys and adolescents and the articulated impulse of political incidence processes to advance in the guarantee of the rights of the child in Latin America and the Caribbean.<\/p>\t\t\t\t\t\t\t\t<\/div>\n\t\t\t\t<\/div>\n\t\t\t\t<\/div>\n\t\t\t\t\t<\/div>\n\t\t\t\t<\/div>\n\t\t<div class=\"elementor-element elementor-element-9c78556 e-flex e-con-boxed e-con e-parent\" data-id=\"9c78556\" data-element_type=\"container\" data-e-type=\"container\" data-settings=\"{&quot;background_background&quot;:&quot;classic&quot;}\">\n\t\t\t\t\t<div class=\"e-con-inner\">\n\t\t<div class=\"elementor-element elementor-element-aaa5d54 e-con-full e-flex e-con e-child\" data-id=\"aaa5d54\" data-element_type=\"container\" data-e-type=\"container\">\n\t\t\t\t<div class=\"elementor-element elementor-element-ebe904f elementor-widget elementor-widget-heading\" data-id=\"ebe904f\" data-element_type=\"widget\" data-e-type=\"widget\" data-settings=\"{&quot;ekit_we_effect_on&quot;:&quot;none&quot;}\" data-widget_type=\"heading.default\">\n\t\t\t\t<div class=\"elementor-widget-container\">\n\t\t\t\t\t<h4 class=\"elementor-heading-title elementor-size-default\">Specific objectives\n<\/h4>\t\t\t\t<\/div>\n\t\t\t\t<\/div>\n\t\t\t\t<\/div>\n\t\t<div class=\"elementor-element elementor-element-ec72426 e-con-full e-flex e-con e-child\" data-id=\"ec72426\" data-element_type=\"container\" data-e-type=\"container\">\n\t\t<div class=\"elementor-element elementor-element-c74206b e-con-full e-flex e-con e-child\" data-id=\"c74206b\" data-element_type=\"container\" data-e-type=\"container\" data-settings=\"{&quot;background_background&quot;:&quot;classic&quot;}\">\n\t\t\t\t<div class=\"elementor-element elementor-element-cd96810 elementor-widget elementor-widget-image\" data-id=\"cd96810\" data-element_type=\"widget\" data-e-type=\"widget\" data-settings=\"{&quot;ekit_we_effect_on&quot;:&quot;none&quot;}\" data-widget_type=\"image.default\">\n\t\t\t\t<div class=\"elementor-widget-container\">\n\t\t\t\t\t\t\t\t\t\t\t\t\t\t\t<img decoding=\"async\" width=\"1024\" height=\"1024\" src=\"https:\/\/tejiendoredesinfancia.org\/wp-content\/uploads\/2021\/08\/1.svg\" class=\"attachment-large size-large wp-image-1201\" alt=\"\" srcset=\"https:\/\/tejiendoredesinfancia.org\/wp-content\/uploads\/\/2021\/08\/1.svg 150w, https:\/\/tejiendoredesinfancia.org\/wp-content\/uploads\/\/2021\/08\/1.svg 300w, https:\/\/tejiendoredesinfancia.org\/wp-content\/uploads\/\/2021\/08\/1.svg 1024w\" sizes=\"(max-width:767px) 480px, (max-width:1024px) 100vw, 1024px\" \/>\t\t\t\t\t\t\t\t\t\t\t\t\t\t\t<\/div>\n\t\t\t\t<\/div>\n\t\t\t\t<div class=\"elementor-element elementor-element-4253689 elementor-widget elementor-widget-text-editor\" data-id=\"4253689\" data-element_type=\"widget\" data-e-type=\"widget\" data-settings=\"{&quot;ekit_we_effect_on&quot;:&quot;none&quot;}\" data-widget_type=\"text-editor.default\">\n\t\t\t\t<div class=\"elementor-widget-container\">\n\t\t\t\t\t\t\t\t\t<p>Organizationally strengthen the coalitions that participate in Weaving Childhood Networks, with the active participation of organized groups of girls, boys and adolescents.<\/p>\t\t\t\t\t\t\t\t<\/div>\n\t\t\t\t<\/div>\n\t\t\t\t<\/div>\n\t\t<div class=\"elementor-element elementor-element-5f35804 e-con-full e-flex e-con e-child\" data-id=\"5f35804\" data-element_type=\"container\" data-e-type=\"container\" data-settings=\"{&quot;background_background&quot;:&quot;classic&quot;}\">\n\t\t\t\t<div class=\"elementor-element elementor-element-1b58d15 elementor-widget elementor-widget-image\" data-id=\"1b58d15\" data-element_type=\"widget\" data-e-type=\"widget\" data-settings=\"{&quot;ekit_we_effect_on&quot;:&quot;none&quot;}\" data-widget_type=\"image.default\">\n\t\t\t\t<div class=\"elementor-widget-container\">\n\t\t\t\t\t\t\t\t\t\t\t\t\t\t\t<img loading=\"lazy\" decoding=\"async\" width=\"1024\" height=\"1024\" src=\"https:\/\/tejiendoredesinfancia.org\/wp-content\/uploads\/2021\/08\/2.svg\" class=\"attachment-large size-large wp-image-1200\" alt=\"\" srcset=\"https:\/\/tejiendoredesinfancia.org\/wp-content\/uploads\/\/2021\/08\/2.svg 150w, https:\/\/tejiendoredesinfancia.org\/wp-content\/uploads\/\/2021\/08\/2.svg 300w, https:\/\/tejiendoredesinfancia.org\/wp-content\/uploads\/\/2021\/08\/2.svg 1024w\" sizes=\"(max-width:767px) 480px, (max-width:1024px) 100vw, 1024px\" \/>\t\t\t\t\t\t\t\t\t\t\t\t\t\t\t<\/div>\n\t\t\t\t<\/div>\n\t\t\t\t<div class=\"elementor-element elementor-element-f3a0873 elementor-widget elementor-widget-text-editor\" data-id=\"f3a0873\" data-element_type=\"widget\" data-e-type=\"widget\" data-settings=\"{&quot;ekit_we_effect_on&quot;:&quot;none&quot;}\" data-widget_type=\"text-editor.default\">\n\t\t\t\t<div class=\"elementor-widget-container\">\n\t\t\t\t\t\t\t\t\t<p>Develop capacities to build proposals and promote advocacy actions at the national, intergovernmental level, and before regional and international organizations, aimed at advancing the guarantee of children&#039;s rights.<\/p>\t\t\t\t\t\t\t\t<\/div>\n\t\t\t\t<\/div>\n\t\t\t\t<\/div>\n\t\t\t\t<\/div>\n\t\t\t\t\t<\/div>\n\t\t\t\t<\/div>\n\t\t<div class=\"elementor-element elementor-element-be1bc2a e-grid e-con-boxed e-con e-parent\" data-id=\"be1bc2a\" data-element_type=\"container\" data-e-type=\"container\">\n\t\t\t\t\t<div class=\"e-con-inner\">\n\t\t\t\t<div class=\"elementor-element elementor-element-8c98182 elementor-widget elementor-widget-image\" data-id=\"8c98182\" data-element_type=\"widget\" data-e-type=\"widget\" data-settings=\"{&quot;ekit_we_effect_on&quot;:&quot;none&quot;}\" data-widget_type=\"image.default\">\n\t\t\t\t<div class=\"elementor-widget-container\">\n\t\t\t\t\t\t\t\t\t\t\t\t\t\t\t<img loading=\"lazy\" decoding=\"async\" width=\"1024\" height=\"683\" src=\"https:\/\/tejiendoredesinfancia.org\/wp-content\/uploads\/2021\/08\/quienes-somos-n1.jpeg\" class=\"attachment-large size-large wp-image-1210\" alt=\"\" srcset=\"https:\/\/tejiendoredesinfancia.org\/wp-content\/uploads\/2021\/08\/quienes-somos-n1.jpeg 1024w, https:\/\/tejiendoredesinfancia.org\/wp-content\/uploads\/2021\/08\/quienes-somos-n1-300x200.jpeg 300w, https:\/\/tejiendoredesinfancia.org\/wp-content\/uploads\/2021\/08\/quienes-somos-n1-768x512.jpeg 768w, https:\/\/tejiendoredesinfancia.org\/wp-content\/uploads\/2021\/08\/quienes-somos-n1-16x12.jpeg 16w, https:\/\/tejiendoredesinfancia.org\/wp-content\/uploads\/2021\/08\/quienes-somos-n1-980x654.jpeg 980w, https:\/\/tejiendoredesinfancia.org\/wp-content\/uploads\/2021\/08\/quienes-somos-n1-480x320.jpeg 480w\" sizes=\"(max-width:767px) 480px, (max-width:1024px) 100vw, 1024px\" \/>\t\t\t\t\t\t\t\t\t\t\t\t\t\t\t<\/div>\n\t\t\t\t<\/div>\n\t\t\t\t<div class=\"elementor-element elementor-element-bd506f4 elementor-widget elementor-widget-image\" data-id=\"bd506f4\" data-element_type=\"widget\" data-e-type=\"widget\" data-settings=\"{&quot;ekit_we_effect_on&quot;:&quot;none&quot;}\" data-widget_type=\"image.default\">\n\t\t\t\t<div class=\"elementor-widget-container\">\n\t\t\t\t\t\t\t\t\t\t\t\t\t\t\t<img loading=\"lazy\" decoding=\"async\" width=\"650\" height=\"433\" src=\"https:\/\/tejiendoredesinfancia.org\/wp-content\/uploads\/2021\/08\/quienes-somos-n2.jpeg\" class=\"attachment-large size-large wp-image-1209\" alt=\"\" srcset=\"https:\/\/tejiendoredesinfancia.org\/wp-content\/uploads\/2021\/08\/quienes-somos-n2.jpeg 650w, https:\/\/tejiendoredesinfancia.org\/wp-content\/uploads\/2021\/08\/quienes-somos-n2-300x200.jpeg 300w, https:\/\/tejiendoredesinfancia.org\/wp-content\/uploads\/2021\/08\/quienes-somos-n2-16x12.jpeg 16w, https:\/\/tejiendoredesinfancia.org\/wp-content\/uploads\/2021\/08\/quienes-somos-n2-480x320.jpeg 480w\" sizes=\"(max-width:767px) 480px, 650px\" \/>\t\t\t\t\t\t\t\t\t\t\t\t\t\t\t<\/div>\n\t\t\t\t<\/div>\n\t\t\t\t<div class=\"elementor-element elementor-element-8dcdd54 elementor-widget elementor-widget-image\" data-id=\"8dcdd54\" data-element_type=\"widget\" data-e-type=\"widget\" data-settings=\"{&quot;ekit_we_effect_on&quot;:&quot;none&quot;}\" data-widget_type=\"image.default\">\n\t\t\t\t<div class=\"elementor-widget-container\">\n\t\t\t\t\t\t\t\t\t\t\t\t\t\t\t<img loading=\"lazy\" decoding=\"async\" width=\"615\" height=\"410\" src=\"https:\/\/tejiendoredesinfancia.org\/wp-content\/uploads\/2021\/08\/quienes-somos-n3.jpeg\" class=\"attachment-large size-large wp-image-1211\" alt=\"\" srcset=\"https:\/\/tejiendoredesinfancia.org\/wp-content\/uploads\/2021\/08\/quienes-somos-n3.jpeg 615w, https:\/\/tejiendoredesinfancia.org\/wp-content\/uploads\/2021\/08\/quienes-somos-n3-300x200.jpeg 300w, https:\/\/tejiendoredesinfancia.org\/wp-content\/uploads\/2021\/08\/quienes-somos-n3-16x12.jpeg 16w, https:\/\/tejiendoredesinfancia.org\/wp-content\/uploads\/2021\/08\/quienes-somos-n3-480x320.jpeg 480w\" sizes=\"(max-width:767px) 480px, 615px\" \/>\t\t\t\t\t\t\t\t\t\t\t\t\t\t\t<\/div>\n\t\t\t\t<\/div>\n\t\t\t\t\t<\/div>\n\t\t\t\t<\/div>\n\t\t<div class=\"elementor-element elementor-element-1aac927 e-flex e-con-boxed e-con e-parent\" data-id=\"1aac927\" data-element_type=\"container\" data-e-type=\"container\" data-settings=\"{&quot;background_background&quot;:&quot;classic&quot;}\">\n\t\t\t\t\t<div class=\"e-con-inner\">\n\t\t\t\t<div class=\"elementor-element elementor-element-0c44fe1 elementor-widget__width-initial elementor-widget elementor-widget-heading\" data-id=\"0c44fe1\" data-element_type=\"widget\" data-e-type=\"widget\" data-settings=\"{&quot;ekit_we_effect_on&quot;:&quot;none&quot;}\" data-widget_type=\"heading.default\">\n\t\t\t\t<div class=\"elementor-widget-container\">\n\t\t\t\t\t<h3 class=\"elementor-heading-title elementor-size-default\">We invite you to participate in the activities of this project!<\/h3>\t\t\t\t<\/div>\n\t\t\t\t<\/div>\n\t\t<div class=\"elementor-element elementor-element-2588b46 e-con-full e-flex e-con e-child\" data-id=\"2588b46\" data-element_type=\"container\" data-e-type=\"container\">\n\t\t<div class=\"elementor-element elementor-element-6babde8 e-con-full e-flex e-con e-child\" data-id=\"6babde8\" data-element_type=\"container\" data-e-type=\"container\">\n\t\t\t\t<div class=\"elementor-element elementor-element-c93b9f0 elementor-widget elementor-widget-button\" data-id=\"c93b9f0\" data-element_type=\"widget\" data-e-type=\"widget\" data-settings=\"{&quot;ekit_we_effect_on&quot;:&quot;none&quot;}\" data-widget_type=\"button.default\">\n\t\t\t\t<div class=\"elementor-widget-container\">\n\t\t\t\t\t\t\t\t\t<div class=\"elementor-button-wrapper\">\n\t\t\t\t\t<a class=\"elementor-button elementor-button-link elementor-size-sm\" href=\"https:\/\/www.paypal.com\/donate\/?hosted_button_id=RK8SCAVJYK5LU\" target=\"_blank\">\n\t\t\t\t\t\t<span class=\"elementor-button-content-wrapper\">\n\t\t\t\t\t\t\t\t\t<span class=\"elementor-button-text\">DONATE NOW<\/span>\n\t\t\t\t\t<\/span>\n\t\t\t\t\t<\/a>\n\t\t\t\t<\/div>\n\t\t\t\t\t\t\t\t<\/div>\n\t\t\t\t<\/div>\n\t\t\t\t<div class=\"elementor-element elementor-element-43ef4dc elementor-widget elementor-widget-button\" data-id=\"43ef4dc\" data-element_type=\"widget\" data-e-type=\"widget\" data-settings=\"{&quot;ekit_we_effect_on&quot;:&quot;none&quot;}\" data-widget_type=\"button.default\">\n\t\t\t\t<div class=\"elementor-widget-container\">\n\t\t\t\t\t\t\t\t\t<div class=\"elementor-button-wrapper\">\n\t\t\t\t\t<a class=\"elementor-button elementor-button-link elementor-size-sm\" href=\"https:\/\/tejiendoredesinfancia.org\/en_us\/actua-con-nosotros\/\">\n\t\t\t\t\t\t<span class=\"elementor-button-content-wrapper\">\n\t\t\t\t\t\t\t\t\t<span class=\"elementor-button-text\">ACT WITH US<\/span>\n\t\t\t\t\t<\/span>\n\t\t\t\t\t<\/a>\n\t\t\t\t<\/div>\n\t\t\t\t\t\t\t\t<\/div>\n\t\t\t\t<\/div>\n\t\t\t\t<\/div>\n\t\t<div class=\"elementor-element elementor-element-a8bcdc4 e-con-full e-flex e-con e-child\" data-id=\"a8bcdc4\" data-element_type=\"container\" data-e-type=\"container\">\n\t\t\t\t<div class=\"elementor-element elementor-element-f3f0e83 elementor-position-inline-start elementor-view-default elementor-mobile-position-block-start elementor-widget elementor-widget-icon-box\" data-id=\"f3f0e83\" data-element_type=\"widget\" data-e-type=\"widget\" data-settings=\"{&quot;ekit_we_effect_on&quot;:&quot;none&quot;}\" data-widget_type=\"icon-box.default\">\n\t\t\t\t<div class=\"elementor-widget-container\">\n\t\t\t\t\t\t\t<div class=\"elementor-icon-box-wrapper\">\n\n\t\t\t\t\t\t<div class=\"elementor-icon-box-icon\">\n\t\t\t\t<span  class=\"elementor-icon\">\n\t\t\t\t<i aria-hidden=\"true\" class=\"icon icon-chevron-right-circle\"><\/i>\t\t\t\t<\/span>\n\t\t\t<\/div>\n\t\t\t\n\t\t\t\t\t\t<div class=\"elementor-icon-box-content\">\n\n\t\t\t\t\t\t\t\t\t<h5 class=\"elementor-icon-box-title\">\n\t\t\t\t\t\t<span  >\n\t\t\t\t\t\t\tFollow us on our networks\t\t\t\t\t\t<\/span>\n\t\t\t\t\t<\/h5>\n\t\t\t\t\n\t\t\t\t\n\t\t\t<\/div>\n\t\t\t\n\t\t<\/div>\n\t\t\t\t\t\t<\/div>\n\t\t\t\t<\/div>\n\t\t\t\t<div class=\"elementor-element elementor-element-202e78f elementor-position-inline-start elementor-view-default elementor-mobile-position-block-start elementor-widget elementor-widget-icon-box\" data-id=\"202e78f\" data-element_type=\"widget\" data-e-type=\"widget\" data-settings=\"{&quot;ekit_we_effect_on&quot;:&quot;none&quot;}\" data-widget_type=\"icon-box.default\">\n\t\t\t\t<div class=\"elementor-widget-container\">\n\t\t\t\t\t\t\t<div class=\"elementor-icon-box-wrapper\">\n\n\t\t\t\t\t\t<div class=\"elementor-icon-box-icon\">\n\t\t\t\t<span  class=\"elementor-icon\">\n\t\t\t\t<i aria-hidden=\"true\" class=\"icon icon-chevron-right-circle\"><\/i>\t\t\t\t<\/span>\n\t\t\t<\/div>\n\t\t\t\n\t\t\t\t\t\t<div class=\"elementor-icon-box-content\">\n\n\t\t\t\t\t\t\t\t\t<h5 class=\"elementor-icon-box-title\">\n\t\t\t\t\t\t<span  >\n\t\t\t\t\t\t\tDistribute the content\t\t\t\t\t\t<\/span>\n\t\t\t\t\t<\/h5>\n\t\t\t\t\n\t\t\t\t\n\t\t\t<\/div>\n\t\t\t\n\t\t<\/div>\n\t\t\t\t\t\t<\/div>\n\t\t\t\t<\/div>\n\t\t\t\t<\/div>\n\t\t\t\t<\/div>\n\t\t\t\t\t<\/div>\n\t\t\t\t<\/div>\n\t\t\t\t<\/div>","protected":false},"excerpt":{"rendered":"<p>QUI\u00c9NES SOMOS En 2016, iniciamos el proyecto Tejiendo Redes Infancia en Am\u00e9rica Latina y el Caribe que busca contribuir al fortalecimiento y la consolidaci\u00f3n de una<span class=\"excerpt-hellip\"> [\u2026]<\/span><\/p>\n","protected":false},"author":1,"featured_media":0,"parent":0,"menu_order":0,"comment_status":"closed","ping_status":"closed","template":"elementor_header_footer","meta":{"_acf_changed":false,"footnotes":""},"class_list":["post-2810","page","type-page","status-publish","hentry"],"acf":[],"_links":{"self":[{"href":"https:\/\/tejiendoredesinfancia.org\/en_us\/wp-json\/wp\/v2\/pages\/2810","targetHints":{"allow":["GET"]}}],"collection":[{"href":"https:\/\/tejiendoredesinfancia.org\/en_us\/wp-json\/wp\/v2\/pages"}],"about":[{"href":"https:\/\/tejiendoredesinfancia.org\/en_us\/wp-json\/wp\/v2\/types\/page"}],"author":[{"embeddable":true,"href":"https:\/\/tejiendoredesinfancia.org\/en_us\/wp-json\/wp\/v2\/users\/1"}],"replies":[{"embeddable":true,"href":"https:\/\/tejiendoredesinfancia.org\/en_us\/wp-json\/wp\/v2\/comments?post=2810"}],"version-history":[{"count":4,"href":"https:\/\/tejiendoredesinfancia.org\/en_us\/wp-json\/wp\/v2\/pages\/2810\/revisions"}],"predecessor-version":[{"id":2815,"href":"https:\/\/tejiendoredesinfancia.org\/en_us\/wp-json\/wp\/v2\/pages\/2810\/revisions\/2815"}],"wp:attachment":[{"href":"https:\/\/tejiendoredesinfancia.org\/en_us\/wp-json\/wp\/v2\/media?parent=2810"}],"curies":[{"name":"wp","href":"https:\/\/api.w.org\/{rel}","templated":true}]}}